{"id":158,"date":"2015-06-25T13:34:01","date_gmt":"2015-06-25T13:34:01","guid":{"rendered":"http:\/\/www.tyllingstrands.se\/?page_id=158"},"modified":"2019-09-12T13:27:22","modified_gmt":"2019-09-12T13:27:22","slug":"hur-vi-jobbar","status":"publish","type":"page","link":"https:\/\/tyllingstrands.se\/index.php\/hur-vi-jobbar\/","title":{"rendered":"Jobba hos oss"},"content":{"rendered":"<p>[et_pb_section fb_built=&#8221;1&#8243; _builder_version=&#8221;3.22&#8243; fb_built=&#8221;1&#8243; bb_built=&#8221;1&#8243; _i=&#8221;0&#8243; _address=&#8221;0&#8243;][et_pb_row column_structure=&#8221;2_3,1_3&#8243; _builder_version=&#8221;3.25&#8243; background_size=&#8221;initial&#8221; background_position=&#8221;top_left&#8221; background_repeat=&#8221;repeat&#8221; _i=&#8221;0&#8243; _address=&#8221;0.0&#8243;][et_pb_column type=&#8221;2_3&#8243; _builder_version=&#8221;3.25&#8243; custom_padding=&#8221;|||&#8221; _i=&#8221;0&#8243; _address=&#8221;0.0.0&#8243; custom_padding__hover=&#8221;|||&#8221;][et_pb_image src=&#8221;https:\/\/tyllingstrands.se\/wp-content\/uploads\/2015\/06\/bwwork-1.jpg&#8221; align_tablet=&#8221;center&#8221; align_last_edited=&#8221;on|desktop&#8221; _builder_version=&#8221;3.23&#8243; animation_style=&#8221;slide&#8221; animation_direction=&#8221;left&#8221; animation_duration=&#8221;500ms&#8221; animation_intensity_slide=&#8221;10{bbcfe01d481a90ba25cef2bcb36f227023ad668400e4e33df541d9b0950f93d8}&#8221; border_style=&#8221;solid&#8221; animation=&#8221;left&#8221; sticky=&#8221;off&#8221; always_center_on_mobile=&#8221;on&#8221; _i=&#8221;0&#8243; _address=&#8221;0.0.0.0&#8243;][\/et_pb_image][et_pb_text _builder_version=&#8221;3.27.4&#8243; background_size=&#8221;initial&#8221; background_position=&#8221;top_left&#8221; background_repeat=&#8221;repeat&#8221; module_alignment=&#8221;left&#8221; border_style=&#8221;solid&#8221; _i=&#8221;1&#8243; _address=&#8221;0.0.0.1&#8243;]<\/p>\n<h1>LEDIGA TJ\u00c4NSTER<\/h1>\n<p>F\u00f6r tillf\u00e4llet har vi inga lediga tj\u00e4nster, men v\u00e4lkommen att mejla in ditt CV i alla fall. Man vet aldrig n\u00e4r behov uppst\u00e5r. \u00c4r du erfaren och\/eller utbildad inom svetsning, skarvmontering eller isolering s\u00e5 kan du bli intressant f\u00f6r oss fram\u00f6ver.<br \/>\nMejla till: <a href=\"mailto:hans@tyllingstrands.se\"><strong>info@tyllingstrands.se<\/strong><\/a><\/p>\n<h2><\/h2>\n<p>[\/et_pb_text][et_pb_text _builder_version=&#8221;3.27.4&#8243; background_size=&#8221;initial&#8221; background_position=&#8221;top_left&#8221; background_repeat=&#8221;repeat&#8221; module_alignment=&#8221;left&#8221; border_style=&#8221;solid&#8221; _i=&#8221;2&#8243; _address=&#8221;0.0.0.2&#8243;]<\/p>\n<h1>H\u00c4R FINNS UTRYMME F\u00d6R ATT V\u00c4XA<\/h1>\n<p>Vi str\u00e4var efter en arbetsplats d\u00e4r alla f\u00e5r ta plats och synas. Att jobba p\u00e5 Tyllingstrands ska vara givande och utvecklande. Vi jobbar i en platt organisation d\u00e4r varje anst\u00e4lld f\u00e5r ta mycket eget ansvar och vi uppmuntrar till att alla ska var drivande i sin egen roll p\u00e5 f\u00f6retaget. Sj\u00e4lvklart ser vi personalen som v\u00e5r viktigaste resurs och arbetar f\u00f6r att se till att v\u00e5r personal ska m\u00e5 bra. Det ska vara roligt att jobba p\u00e5 Tyllingstrands, vi leder med v\u00e4rme!<\/p>\n<h2><\/h2>\n<p>[\/et_pb_text][\/et_pb_column][et_pb_column type=&#8221;1_3&#8243; _builder_version=&#8221;3.25&#8243; custom_padding=&#8221;|||&#8221; _i=&#8221;1&#8243; _address=&#8221;0.0.1&#8243; custom_padding__hover=&#8221;|||&#8221;][et_pb_image src=&#8221;https:\/\/tyllingstrands.se\/wp-content\/uploads\/2019\/09\/erik_m.png&#8221; align_tablet=&#8221;center&#8221; align_last_edited=&#8221;on|desktop&#8221; _builder_version=&#8221;3.28&#8243; hover_enabled=&#8221;0&#8243; border_style=&#8221;solid&#8221; always_center_on_mobile=&#8221;on&#8221; _i=&#8221;0&#8243; _address=&#8221;0.0.1.0&#8243;][\/et_pb_image][et_pb_testimonial author=&#8221;Erik M\u00e5hl\u00e9n&#8221; job_title=&#8221;Skarvmont\u00f6r och larmtekniker&#8221; company_name=&#8221;Tyllingstrands&#8221; _builder_version=&#8221;3.2&#8243; background_size=&#8221;initial&#8221; background_position=&#8221;top_left&#8221; background_repeat=&#8221;repeat&#8221; border_style=&#8221;solid&#8221; _i=&#8221;1&#8243; _address=&#8221;0.0.1.1&#8243;]<\/p>\n<h2>H\u00e4r trivs jag!<\/h2>\n<p>\u201dJag trivs j\u00e4ttebra h\u00e4r p\u00e5 Tyllingstrands, jag k\u00e4nner mig beh\u00f6vd och uppskattad.<\/p>\n<p>Arbetet \u00e4r sj\u00e4lvst\u00e4ndigt och man f\u00e5r mycket frihet under eget ansvar, vilket jag gillar.<\/p>\n<p>Vi \u00e4r ett bra g\u00e4ng som jobbar mot samma m\u00e5l, har roligt tillsammans och jag k\u00e4nner att jag hela tiden f\u00e5r utvecklas i min roll p\u00e5 f\u00f6retaget.\u201d<\/p>\n<p>[\/et_pb_testimonial][\/et_pb_column][\/et_pb_row][et_pb_row column_structure=&#8221;1_3,1_3,1_3&#8243; _builder_version=&#8221;3.25&#8243; background_size=&#8221;initial&#8221; background_position=&#8221;top_left&#8221; background_repeat=&#8221;repeat&#8221; _i=&#8221;1&#8243; _address=&#8221;0.1&#8243;][et_pb_column type=&#8221;1_3&#8243; _builder_version=&#8221;3.25&#8243; custom_padding=&#8221;|||&#8221; _i=&#8221;0&#8243; _address=&#8221;0.1.0&#8243; custom_padding__hover=&#8221;|||&#8221;][\/et_pb_column][et_pb_column type=&#8221;1_3&#8243; _builder_version=&#8221;3.25&#8243; custom_padding=&#8221;|||&#8221; _i=&#8221;1&#8243; _address=&#8221;0.1.1&#8243; custom_padding__hover=&#8221;|||&#8221;][\/et_pb_column][et_pb_column type=&#8221;1_3&#8243; _builder_version=&#8221;3.25&#8243; custom_padding=&#8221;|||&#8221; _i=&#8221;2&#8243; _address=&#8221;0.1.2&#8243; custom_padding__hover=&#8221;|||&#8221;][\/et_pb_column][\/et_pb_row][\/et_pb_section][et_pb_section fb_built=&#8221;1&#8243; _builder_version=&#8221;3.22&#8243; fb_built=&#8221;1&#8243; bb_built=&#8221;1&#8243; _i=&#8221;1&#8243; _address=&#8221;1&#8243;][\/et_pb_section]<\/p>\n","protected":false},"excerpt":{"rendered":"<p>LEDIGA TJ\u00c4NSTER F\u00f6r tillf\u00e4llet har vi inga lediga tj\u00e4nster, men v\u00e4lkommen att mejla in ditt CV i alla fall. Man vet aldrig n\u00e4r behov uppst\u00e5r. \u00c4r du erfaren och\/eller utbildad inom svetsning, skarvmontering eller isolering s\u00e5 kan du bli intressant f\u00f6r oss fram\u00f6ver. Mejla till: info@tyllingstrands.se H\u00c4R FINNS UTRYMME F\u00d6R ATT V\u00c4XA Vi str\u00e4var efter [&hellip;]<\/p>\n","protected":false},"author":1,"featured_media":0,"parent":0,"menu_order":0,"comment_status":"open","ping_status":"open","template":"","meta":{"_et_pb_use_builder":"on","_et_pb_old_content":"","_et_gb_content_width":"","footnotes":""},"class_list":["post-158","page","type-page","status-publish","hentry"],"_links":{"self":[{"href":"https:\/\/tyllingstrands.se\/index.php\/wp-json\/wp\/v2\/pages\/158","targetHints":{"allow":["GET"]}}],"collection":[{"href":"https:\/\/tyllingstrands.se\/index.php\/wp-json\/wp\/v2\/pages"}],"about":[{"href":"https:\/\/tyllingstrands.se\/index.php\/wp-json\/wp\/v2\/types\/page"}],"author":[{"embeddable":true,"href":"https:\/\/tyllingstrands.se\/index.php\/wp-json\/wp\/v2\/users\/1"}],"replies":[{"embeddable":true,"href":"https:\/\/tyllingstrands.se\/index.php\/wp-json\/wp\/v2\/comments?post=158"}],"version-history":[{"count":49,"href":"https:\/\/tyllingstrands.se\/index.php\/wp-json\/wp\/v2\/pages\/158\/revisions"}],"predecessor-version":[{"id":1115,"href":"https:\/\/tyllingstrands.se\/index.php\/wp-json\/wp\/v2\/pages\/158\/revisions\/1115"}],"wp:attachment":[{"href":"https:\/\/tyllingstrands.se\/index.php\/wp-json\/wp\/v2\/media?parent=158"}],"curies":[{"name":"wp","href":"https:\/\/api.w.org\/{rel}","templated":true}]}}