{"id":2,"date":"2015-06-15T22:14:35","date_gmt":"2015-06-15T22:14:35","guid":{"rendered":"http:\/\/localhost\/?page_id=2"},"modified":"2019-09-10T14:07:16","modified_gmt":"2019-09-10T14:07:16","slug":"sample-page","status":"publish","type":"page","link":"https:\/\/tyllingstrands.se\/index.php\/sample-page\/","title":{"rendered":"V\u00e5ra tj\u00e4nster"},"content":{"rendered":"<p>[et_pb_section bb_built=&#8221;1&#8243; fullwidth=&#8221;on&#8221; specialty=&#8221;off&#8221;][et_pb_fullwidth_slider _builder_version=&#8221;3.0.82&#8243; show_arrows=&#8221;on&#8221; show_pagination=&#8221;on&#8221; show_inner_shadow=&#8221;on&#8221; custom_button=&#8221;off&#8221; button_icon_placement=&#8221;right&#8221; show_content_on_mobile=&#8221;on&#8221; show_cta_on_mobile=&#8221;on&#8221; show_image_video_mobile=&#8221;off&#8221; box_shadow_position_button=&#8221;outer&#8221; box_shadow_position=&#8221;outer&#8221;] [et_pb_slide _builder_version=&#8221;3.0.82&#8243; use_background_color_gradient=&#8221;off&#8221; background_color_gradient_start=&#8221;#2b87da&#8221; background_color_gradient_end=&#8221;#29c4a9&#8243; background_color_gradient_type=&#8221;linear&#8221; background_color_gradient_direction=&#8221;180deg&#8221; background_color_gradient_direction_radial=&#8221;center&#8221; background_color_gradient_start_position=&#8221;0{bbcfe01d481a90ba25cef2bcb36f227023ad668400e4e33df541d9b0950f93d8}&#8221; background_color_gradient_end_position=&#8221;100{bbcfe01d481a90ba25cef2bcb36f227023ad668400e4e33df541d9b0950f93d8}&#8221; background_image=&#8221;https:\/\/tyllingstrands.se\/wp-content\/uploads\/2015\/06\/eld-1.jpg&#8221; parallax=&#8221;off&#8221; parallax_method=&#8221;on&#8221; background_size=&#8221;cover&#8221; background_position=&#8221;center&#8221; background_repeat=&#8221;no-repeat&#8221; background_blend=&#8221;normal&#8221; allow_player_pause=&#8221;off&#8221; use_bg_overlay=&#8221;off&#8221; use_text_overlay=&#8221;off&#8221; text_border_radius=&#8221;3&#8243; alignment=&#8221;center&#8221; background_layout=&#8221;dark&#8221; header_font_select=&#8221;default&#8221; header_font=&#8221;||||&#8221; body_font_select=&#8221;default&#8221; body_font=&#8221;||||&#8221; custom_button=&#8221;off&#8221; button_bg_use_color_gradient=&#8221;off&#8221; button_bg_color_gradient_start=&#8221;#2b87da&#8221; button_bg_color_gradient_end=&#8221;#29c4a9&#8243; button_bg_color_gradient_type=&#8221;linear&#8221; button_bg_color_gradient_direction_radial=&#8221;center&#8221; button_bg_size=&#8221;cover&#8221; button_bg_position=&#8221;center&#8221; button_bg_repeat=&#8221;no-repeat&#8221; button_bg_blend=&#8221;normal&#8221; button_font_select=&#8221;default&#8221; button_font=&#8221;||||&#8221; button_use_icon=&#8221;on&#8221; button_icon_placement=&#8221;right&#8221; button_on_hover=&#8221;on&#8221; box_shadow_style_button=&#8221;none&#8221; box_shadow_color_button=&#8221;rgba(0,0,0,0.3)&#8221; box_shadow_position_button=&#8221;outer&#8221; heading=&#8221;Fj\u00e4rrv\u00e4rmebyggnation f\u00f6r kommuner, energibolag och byggf\u00f6retag&#8221; \/] [\/et_pb_fullwidth_slider][\/et_pb_section][et_pb_section bb_built=&#8221;1&#8243; fullwidth=&#8221;off&#8221; specialty=&#8221;off&#8221;][et_pb_row][et_pb_column type=&#8221;4_4&#8243;][et_pb_text _builder_version=&#8221;3.0.82&#8243; background_layout=&#8221;light&#8221; border_style=&#8221;solid&#8221; box_shadow_position=&#8221;outer&#8221;]<\/p>\n<h1>V\u00c5RA VERKSAMHETSOMR\u00c5DEN<\/h1>\n<h4>Vad kan vi hj\u00e4lpa er med?<\/h4>\n<p>Vi utf\u00f6r r\u00f6rentreprenad i alla storlekar, fr\u00e5n mindre projekt till totalentreprenader. Vi arbetar gentemot kommuner, energibolag och byggf\u00f6retag. <a href=\"https:\/\/tyllingstrands.se\/index.php\/kontakt\/\">Kontakta oss<\/a> f\u00f6r mer information om respektive omr\u00e5de.<\/p>\n<p>[\/et_pb_text][\/et_pb_column][\/et_pb_row][et_pb_row _builder_version=&#8221;3.0.82&#8243; box_shadow_position=&#8221;outer&#8221;][et_pb_column type=&#8221;1_3&#8243;][et_pb_blurb admin_label=&#8221;Blurb&#8221; title=&#8221;KULVERT&#8221; url_new_window=&#8221;off&#8221; animation=&#8221;off&#8221; background_layout=&#8221;light&#8221; icon_placement=&#8221;top&#8221; font_icon=&#8221;\ue00a&#8221; use_icon=&#8221;off&#8221; use_circle=&#8221;off&#8221; use_circle_border=&#8221;off&#8221; icon_color=&#8221;#38669e&#8221; circle_color=&#8221;#7c4dd5&#8243; circle_border_color=&#8221;#2caaca&#8221; use_icon_font_size=&#8221;off&#8221; border_style=&#8221;solid&#8221; image=&#8221;https:\/\/tyllingstrands.se\/wp-content\/uploads\/2015\/06\/kulvert.png&#8221; background_position=&#8221;top_left&#8221; background_repeat=&#8221;repeat&#8221; background_size=&#8221;initial&#8221; _builder_version=&#8221;3.0.82&#8243; box_shadow_position_image=&#8221;outer&#8221; max_width_tablet=&#8221;50px&#8221; box_shadow_position=&#8221;outer&#8221; header_font_size=&#8221;25&#8243; animation_style=&#8221;fade&#8221; header_font=&#8221;|on|||&#8221;]<\/p>\n<p><strong>Montage av fj\u00e4rrv\u00e4rmer\u00f6r<\/strong>.<\/p>\n<p>[\/et_pb_blurb][\/et_pb_column][et_pb_column type=&#8221;1_3&#8243;][et_pb_blurb admin_label=&#8221;Blurb&#8221; title=&#8221;MANTELR\u00d6RSKARVNING&#8221; url_new_window=&#8221;off&#8221; animation=&#8221;off&#8221; background_layout=&#8221;light&#8221; icon_placement=&#8221;top&#8221; font_icon=&#8221;\ue02d&#8221; use_icon=&#8221;off&#8221; use_circle=&#8221;off&#8221; use_circle_border=&#8221;off&#8221; icon_color=&#8221;#38639e&#8221; circle_color=&#8221;#7c4dd5&#8243; circle_border_color=&#8221;#2caaca&#8221; image=&#8221;https:\/\/tyllingstrands.se\/wp-content\/uploads\/2015\/06\/skarv.png&#8221; use_icon_font_size=&#8221;off&#8221; border_style=&#8221;solid&#8221; background_position=&#8221;top_left&#8221; background_repeat=&#8221;repeat&#8221; background_size=&#8221;initial&#8221; _builder_version=&#8221;3.0.82&#8243; box_shadow_position_image=&#8221;outer&#8221; max_width_tablet=&#8221;50px&#8221; box_shadow_position=&#8221;outer&#8221; header_font=&#8221;|on|||&#8221; animation_style=&#8221;fade&#8221; \/][\/et_pb_column][et_pb_column type=&#8221;1_3&#8243;][et_pb_blurb admin_label=&#8221;Blurb&#8221; title=&#8221;FJ\u00c4RRV\u00c4RMECENTRALER&#8221; url_new_window=&#8221;off&#8221; animation=&#8221;off&#8221; background_layout=&#8221;light&#8221; icon_placement=&#8221;top&#8221; font_icon=&#8221;\ue00a&#8221; use_icon=&#8221;off&#8221; use_circle=&#8221;off&#8221; use_circle_border=&#8221;off&#8221; icon_color=&#8221;#4292b7&#8243; circle_color=&#8221;#7c4dd5&#8243; circle_border_color=&#8221;#2caaca&#8221; image=&#8221;https:\/\/tyllingstrands.se\/wp-content\/uploads\/2015\/06\/fjarr.png&#8221; use_icon_font_size=&#8221;off&#8221; border_style=&#8221;solid&#8221; background_position=&#8221;top_left&#8221; background_repeat=&#8221;repeat&#8221; background_size=&#8221;initial&#8221; _builder_version=&#8221;3.0.82&#8243; box_shadow_position_image=&#8221;outer&#8221; max_width_tablet=&#8221;50px&#8221; box_shadow_position=&#8221;outer&#8221; header_font=&#8221;|on|||&#8221; animation_style=&#8221;fade&#8221; \/][\/et_pb_column][\/et_pb_row][et_pb_row][et_pb_column type=&#8221;1_3&#8243;][et_pb_blurb _builder_version=&#8221;3.0.82&#8243; title=&#8221;LARM&#8221; url_new_window=&#8221;off&#8221; use_icon=&#8221;off&#8221; use_circle=&#8221;off&#8221; use_circle_border=&#8221;off&#8221; icon_placement=&#8221;top&#8221; use_icon_font_size=&#8221;off&#8221; box_shadow_position_image=&#8221;outer&#8221; background_layout=&#8221;light&#8221; border_style=&#8221;solid&#8221; box_shadow_position=&#8221;outer&#8221; image=&#8221;https:\/\/tyllingstrands.se\/wp-content\/uploads\/2015\/06\/larm.png&#8221; header_font=&#8221;|on|||&#8221; animation_style=&#8221;fade&#8221; \/][\/et_pb_column][et_pb_column type=&#8221;1_3&#8243;][et_pb_blurb _builder_version=&#8221;3.0.82&#8243; title=&#8221;EKONOMI &#8211; &amp; REDOVISNINGSTJ\u00c4NSTER&#8221; url_new_window=&#8221;off&#8221; use_icon=&#8221;off&#8221; use_circle=&#8221;off&#8221; use_circle_border=&#8221;off&#8221; icon_placement=&#8221;top&#8221; use_icon_font_size=&#8221;off&#8221; box_shadow_position_image=&#8221;outer&#8221; background_layout=&#8221;light&#8221; border_style=&#8221;solid&#8221; box_shadow_position=&#8221;outer&#8221; image=&#8221;https:\/\/tyllingstrands.se\/wp-content\/uploads\/2015\/06\/redovisning.png&#8221; animation_style=&#8221;fade&#8221; header_font=&#8221;|on|||&#8221; \/][\/et_pb_column][et_pb_column type=&#8221;1_3&#8243;][\/et_pb_column][\/et_pb_row][et_pb_row][et_pb_column type=&#8221;4_4&#8243;][et_pb_text _builder_version=&#8221;3.0.82&#8243; background_layout=&#8221;light&#8221; border_style=&#8221;solid&#8221; box_shadow_position=&#8221;outer&#8221;]<\/p>\n<h1>Det h\u00e4r \u00e4r Tyllingstrands<\/h1>\n<p>Vi \u00e4r ett fj\u00e4rrv\u00e4rmef\u00f6retag med s\u00e4te i Falun som arbetar med fj\u00e4rrv\u00e4rmebyggnation \u00e5t kommuner, energibolag, byggf\u00f6retag och andra best\u00e4llare. Vi utf\u00f6r r\u00f6rl\u00e4ggning, svetsning och isolering av fj\u00e4rrv\u00e4rmeledningar samt bygger fj\u00e4rrv\u00e4rmecentraler \u00e5t b\u00e5de stora och sm\u00e5 fastigheter. Ut\u00f6ver detta utf\u00f6r vi ekonomi- och redovisningstj\u00e4nster.<\/p>\n<p>V\u00e5ra kunder finns framf\u00f6rallt i Dalarna med omnejd, men vi har \u00e4ven kunder andra delar av Sverige. Vi \u00e4r i dag runt tolv anst\u00e4llda, framf\u00f6rallt svetsare och isolertekniker. Ut\u00f6ver detta anlitar vi \u00e4ven underentrepren\u00f6rer vid behov.<\/p>\n<p>Vi \u00e4r en finansiellt och kvalitetsm\u00e4ssigt stark och trygg firma med goda anst\u00e4llningsf\u00f6rh\u00e5llanden och naturligtvis har vi kollektivavtal. V\u00e5r m\u00e5ls\u00e4ttning \u00e4r att leverera hundra procent kvalitet med ett stort engagemang och lyh\u00f6rdhet f\u00f6r s\u00e5v\u00e4l kunders som f\u00f6r slutkonsumenters \u00f6nskem\u00e5l. Varje ny kund ska vara en framtida referens!<\/p>\n<p>Ut\u00f6ver fj\u00e4rrv\u00e4rme har Tyllingstrands ytterligare ett ben i sin verksamhet. Sedan 2010 \u00e4r vi \u00e4ven en redovisningsbyr\u00e5 som utf\u00f6r ekonomi- och redovisningstj\u00e4nster \u00e5t sm\u00e5 och medelstora f\u00f6retag, f\u00f6reningar eller organisationer.<\/p>\n<p>&nbsp;<\/p>\n<p>[\/et_pb_text][\/et_pb_column][\/et_pb_row][\/et_pb_section][et_pb_section bb_built=&#8221;1&#8243; fullwidth=&#8221;off&#8221; specialty=&#8221;off&#8221;][et_pb_row][et_pb_column type=&#8221;4_4&#8243;][\/et_pb_column][\/et_pb_row][\/et_pb_section]<\/p>\n","protected":false},"excerpt":{"rendered":"<p><div class=\"et_pb_row et_pb_row_0 et_pb_row_empty\">\n\t\t\t\t\n\t\t\t\t\n\t\t\t\t\n\t\t\t\t\n\t\t\t\t\n\t\t\t<\/div> V\u00c5RA VERKSAMHETSOMR\u00c5DEN Vad kan vi hj\u00e4lpa er med? Vi utf\u00f6r r\u00f6rentreprenad i alla storlekar, fr\u00e5n mindre projekt till totalentreprenader. Vi arbetar gentemot kommuner, energibolag och byggf\u00f6retag. Kontakta oss f\u00f6r mer information om respektive omr\u00e5de. Montage av fj\u00e4rrv\u00e4rmer\u00f6r. <div class=\"et_pb_row et_pb_row_1 et_pb_row_empty\">\n\t\t\t\t\n\t\t\t\t\n\t\t\t\t\n\t\t\t\t\n\t\t\t\t\n\t\t\t<\/div><div class=\"et_pb_row et_pb_row_2 et_pb_row_empty\">\n\t\t\t\t\n\t\t\t\t\n\t\t\t\t\n\t\t\t\t\n\t\t\t\t\n\t\t\t<\/div> Det h\u00e4r \u00e4r Tyllingstrands Vi \u00e4r ett fj\u00e4rrv\u00e4rmef\u00f6retag med s\u00e4te i Falun som arbetar med fj\u00e4rrv\u00e4rmebyggnation [&hellip;]<\/p>\n","protected":false},"author":1,"featured_media":0,"parent":0,"menu_order":0,"comment_status":"open","ping_status":"open","template":"","meta":{"_et_pb_use_builder":"on","_et_pb_old_content":"<p>This is an example page. It's different from a blog post because it will stay in one place and will show up in your site navigation (in most themes). Most people start with an About page that introduces them to potential site visitors. It might say something like this:<\/p><blockquote><p>Hi there! I'm a bike messenger by day, aspiring actor by night, and this is my blog. I live in Los Angeles, have a great dog named Jack, and I like pi\u00f1a coladas. (And gettin' caught in the rain.)<\/p><\/blockquote><p>...or something like this:<\/p><blockquote><p>The XYZ Doohickey Company was founded in 1971, and has been providing quality doohickeys to the public ever since. Located in Gotham City, XYZ employs over 2,000 people and does all kinds of awesome things for the Gotham community.<\/p><\/blockquote><p>As a new WordPress user, you should go to <a href=\"http:\/\/localhost\/wp-admin\/\">your dashboard<\/a> to delete this page and create new pages for your content. Have fun!<\/p>","_et_gb_content_width":"","footnotes":""},"class_list":["post-2","page","type-page","status-publish","hentry"],"_links":{"self":[{"href":"https:\/\/tyllingstrands.se\/index.php\/wp-json\/wp\/v2\/pages\/2","targetHints":{"allow":["GET"]}}],"collection":[{"href":"https:\/\/tyllingstrands.se\/index.php\/wp-json\/wp\/v2\/pages"}],"about":[{"href":"https:\/\/tyllingstrands.se\/index.php\/wp-json\/wp\/v2\/types\/page"}],"author":[{"embeddable":true,"href":"https:\/\/tyllingstrands.se\/index.php\/wp-json\/wp\/v2\/users\/1"}],"replies":[{"embeddable":true,"href":"https:\/\/tyllingstrands.se\/index.php\/wp-json\/wp\/v2\/comments?post=2"}],"version-history":[{"count":95,"href":"https:\/\/tyllingstrands.se\/index.php\/wp-json\/wp\/v2\/pages\/2\/revisions"}],"predecessor-version":[{"id":1062,"href":"https:\/\/tyllingstrands.se\/index.php\/wp-json\/wp\/v2\/pages\/2\/revisions\/1062"}],"wp:attachment":[{"href":"https:\/\/tyllingstrands.se\/index.php\/wp-json\/wp\/v2\/media?parent=2"}],"curies":[{"name":"wp","href":"https:\/\/api.w.org\/{rel}","templated":true}]}}