{"id":212,"date":"2015-06-26T11:45:35","date_gmt":"2015-06-26T11:45:35","guid":{"rendered":"http:\/\/www.tyllingstrands.se\/?page_id=212"},"modified":"2019-09-06T10:07:19","modified_gmt":"2019-09-06T10:07:19","slug":"vara-mal-varderingar","status":"publish","type":"page","link":"https:\/\/tyllingstrands.se\/index.php\/vara-mal-varderingar\/","title":{"rendered":"V\u00e5ra m\u00e5l &#038; v\u00e4rderingar"},"content":{"rendered":"<p>[et_pb_section bb_built=&#8221;1&#8243; fullwidth=&#8221;on&#8221; specialty=&#8221;off&#8221; background_image=&#8221;https:\/\/tyllingstrands.se\/wp-content\/uploads\/2015\/06\/tyllled.jpg&#8221; transparent_background=&#8221;off&#8221; background_color=&#8221;#ffffff&#8221; allow_player_pause=&#8221;off&#8221; inner_shadow=&#8221;off&#8221; parallax=&#8221;off&#8221; parallax_method=&#8221;off&#8221;][et_pb_fullwidth_slider custom_padding=&#8221;|||&#8221; custom_padding_tablet=&#8221;|||&#8221; custom_padding_phone=&#8221;|||&#8221; _builder_version=&#8221;3.0.82&#8243; \/][\/et_pb_section][et_pb_section bb_built=&#8221;1&#8243; fullwidth=&#8221;off&#8221; specialty=&#8221;on&#8221;][et_pb_column type=&#8221;2_3&#8243; specialty_columns=&#8221;2&#8243;][et_pb_row_inner][et_pb_column_inner type=&#8221;4_4&#8243; saved_specialty_column_type=&#8221;2_3&#8243;][et_pb_slider show_arrows=&#8221;on&#8221; show_pagination=&#8221;on&#8221; _builder_version=&#8221;3.0.82&#8243; show_inner_shadow=&#8221;on&#8221; custom_button=&#8221;off&#8221; button_icon_placement=&#8221;right&#8221; box_shadow_position_button=&#8221;outer&#8221; box_shadow_position=&#8221;outer&#8221; show_content_on_mobile=&#8221;on&#8221; show_cta_on_mobile=&#8221;on&#8221; show_image_video_mobile=&#8221;off&#8221;] [et_pb_slide background_image=&#8221;https:\/\/tyllingstrands.se\/wp-content\/uploads\/2015\/06\/turtle.png&#8221; background_color=&#8221;#ffffff&#8221; alignment=&#8221;center&#8221; background_layout=&#8221;dark&#8221; allow_player_pause=&#8221;off&#8221; _builder_version=&#8221;3.0.82&#8243; use_background_color_gradient=&#8221;off&#8221; background_color_gradient_start=&#8221;#2b87da&#8221; background_color_gradient_end=&#8221;#29c4a9&#8243; background_color_gradient_type=&#8221;linear&#8221; background_color_gradient_direction=&#8221;180deg&#8221; background_color_gradient_direction_radial=&#8221;center&#8221; background_color_gradient_start_position=&#8221;0{bbcfe01d481a90ba25cef2bcb36f227023ad668400e4e33df541d9b0950f93d8}&#8221; background_color_gradient_end_position=&#8221;100{bbcfe01d481a90ba25cef2bcb36f227023ad668400e4e33df541d9b0950f93d8}&#8221; parallax=&#8221;off&#8221; parallax_method=&#8221;on&#8221; background_size=&#8221;cover&#8221; background_position=&#8221;center&#8221; background_repeat=&#8221;no-repeat&#8221; background_blend=&#8221;normal&#8221; use_bg_overlay=&#8221;off&#8221; use_text_overlay=&#8221;off&#8221; text_border_radius=&#8221;3&#8243; header_font_select=&#8221;default&#8221; header_font=&#8221;||||&#8221; body_font_select=&#8221;default&#8221; body_font=&#8221;||||&#8221; custom_button=&#8221;off&#8221; button_bg_use_color_gradient=&#8221;off&#8221; button_bg_color_gradient_start=&#8221;#2b87da&#8221; button_bg_color_gradient_end=&#8221;#29c4a9&#8243; button_bg_color_gradient_type=&#8221;linear&#8221; button_bg_color_gradient_direction_radial=&#8221;center&#8221; button_bg_size=&#8221;cover&#8221; button_bg_position=&#8221;center&#8221; button_bg_repeat=&#8221;no-repeat&#8221; button_bg_blend=&#8221;normal&#8221; button_font_select=&#8221;default&#8221; button_font=&#8221;||||&#8221; button_use_icon=&#8221;on&#8221; button_icon_placement=&#8221;right&#8221; button_on_hover=&#8221;on&#8221; box_shadow_style_button=&#8221;none&#8221; box_shadow_color_button=&#8221;rgba(0,0,0,0.3)&#8221; box_shadow_position_button=&#8221;outer&#8221; \/] [\/et_pb_slider][et_pb_text background_layout=&#8221;light&#8221; module_alignment=&#8221;left&#8221; _builder_version=&#8221;3.0.82&#8243; border_style=&#8221;solid&#8221; box_shadow_position=&#8221;outer&#8221;]<\/p>\n<h1>V\u00c5RA M\u00c5L &amp; V\u00c4RDERINGAR<\/h1>\n<h4>TILLV\u00c4XT<\/h4>\n<p>V\u00e5r tillv\u00e4xt har skett organiskt utan behov av bankl\u00e5n bortsett fr\u00e5n de l\u00e5n vi tog inf\u00f6r byggnationen av v\u00e5r egen industrifastighet. Vi tror p\u00e5 f\u00f6retag som v\u00e4xer med egna medel. Det skapar sj\u00e4lvf\u00f6rtroende och stabilitet inf\u00f6r framtiden.\u00a0Vi arbetar med genomt\u00e4nkta investeringar och noggrann planering i allt vi g\u00f6r. F\u00f6retaget har v\u00e4xt p\u00e5 ett tryggt och stabilt s\u00e4tt. Str\u00e4van efter kloka ekonomiska beslut, h\u00e5llbarhet g\u00e4ller inte bara ur milj\u00f6synpunkt utan vi ser alltid till att vi har en frisk ekonomi. Vi vill \u00f6ka kapaciteten, personalstyrkan och projekten p\u00e5 ett s\u00e4tt som \u00e4r sunt f\u00f6r alla. Som alltid kommer trygghet\/s\u00e4kerheten i f\u00f6rsta ledet hos Tyllingstrands. \u00a0 <em>\u00a0<\/em><\/p>\n<h4><\/h4>\n<h4>F\u00d6RV\u00c4NTNINGAR &amp; KOMPETENS<\/h4>\n<p>Vi str\u00e4var alltid mot att m\u00f6ta upp v\u00e5ra kunders f\u00f6rv\u00e4ntningar p\u00e5 b\u00e4sta s\u00e4tt och g\u00e4rna \u00f6vertr\u00e4ffa dem. Anst\u00e4llda som m\u00e5r bra och trivs med sina arbetsuppgifter \u00e4r ytterligare en f\u00f6ruts\u00e4ttning f\u00f6r ett framg\u00e5ngsrikt och l\u00e5ngsiktigt f\u00f6retagande. Vi \u00e4r m\u00e5n om att v\u00e5ra medarbetare ska trivas och ha schyssta villkor. Naturligtvis omfattas vi ocks\u00e5 av kollektivavtal.<\/p>\n<h4><\/h4>\n<h4>N\u00d6JDA KUNDER<\/h4>\n<p>Den b\u00e4sta marknadsf\u00f6ringen \u00e4r en n\u00f6jd kund. De arbeten vi l\u00e4mnar \u00f6ver ska vi vara stolta \u00f6ver och v\u00e5ra kunder vara hundra procent n\u00f6jda med.<\/p>\n<h4><\/h4>\n<h4>MILJ\u00d6 &amp; H\u00c5LLBARHET<\/h4>\n<p>Att ha milj\u00f6 och h\u00e5llbarhetst\u00e4nket med i allt vi g\u00f6r \u00e4r en sj\u00e4lvklarhet f\u00f6r oss. Vi f\u00f6rs\u00f6ker alltid hitta de mest innovativa, effektiva och b\u00e4sta l\u00f6sningarna f\u00f6r v\u00e5ra projekt och kunder.<\/p>\n<p>Ett f\u00f6retags som arbetar med fj\u00e4rrv\u00e4rme \u00e4r per definition ett milj\u00f6v\u00e4nligt f\u00f6retag. Fj\u00e4rrv\u00e4rme \u00e4r ett energieffektivt uppv\u00e4rmningss\u00e4tt som ofta tar vara p\u00e5 spillv\u00e4rme som annars hade g\u00e5tt f\u00f6rlorad. Ut\u00f6ver detta \u00e4r vi mycket m\u00e5na om att v\u00e5r verksamhet ska vara milj\u00f6v\u00e4nlig.<\/p>\n<p>Den industribyggnad vi har byggt i egen regi \u00e4r ett s\u00e5 kallat passivhus och d\u00e4rmed extremt milj\u00f6v\u00e4nlig. Vi har som policy att vara sparsam med bilresor och sam\u00e5ker som grundregel till arbetsplatserna d\u00e5 det \u00e4r m\u00f6jligt och vi har noggrant inarbetade rutiner f\u00f6r avfallshantering och skrotning av material.<\/p>\n<p>V\u00e5ra best\u00e4llare och uppdragsgivare har i regel mycket noggranna milj\u00f6planer att f\u00f6lja och i \u00f6vrig har vi ett eget milj\u00f6planearbete som utg\u00e5r fr\u00e5n den standard som fastst\u00e4lls enligt milj\u00f6ledningssystemet ISO 14001.<\/p>\n<p>[\/et_pb_text][et_pb_divider color=&#8221;#789dbf&#8221; show_divider=&#8221;on&#8221; \/][\/et_pb_column_inner][\/et_pb_row_inner][\/et_pb_column][et_pb_column type=&#8221;1_3&#8243;][et_pb_testimonial author=&#8221;Hans Danielsson&#8221; job_title=&#8221;VD&#8221; url_new_window=&#8221;off&#8221; quote_icon=&#8221;on&#8221; use_background_color=&#8221;on&#8221; background_layout=&#8221;light&#8221; _builder_version=&#8221;3.0.82&#8243; quote_icon_background_color=&#8221;#f5f5f5&#8243; box_shadow_position_image=&#8221;outer&#8221; border_style=&#8221;solid&#8221; box_shadow_position=&#8221;outer&#8221;]<\/p>\n<p>&#8221;En trygg och stark firma som vilar p\u00e5 stabil grund, b\u00e5de ekonomiskt och personalm\u00e4ssigt \u2013 det \u00e4r en m\u00e5ls\u00e4ttning som har drivit oss och som vi ocks\u00e5 har uppn\u00e5tt. Nu arbetar vi h\u00e5rt f\u00f6r att uppr\u00e4tth\u00e5lla den.&#8221;<\/p>\n<p>[\/et_pb_testimonial][et_pb_blurb admin_label=&#8221;Blurb&#8221; title=&#8221;PRISER OCH UTM\u00c4RKELSER&#8221; url_new_window=&#8221;off&#8221; use_icon=&#8221;on&#8221; font_icon=&#8221;\ue012&#8221; icon_color=&#8221;#461c3c&#8221; use_circle=&#8221;off&#8221; circle_color=&#8221;#461c3c&#8221; use_circle_border=&#8221;off&#8221; circle_border_color=&#8221;#461c3c&#8221; icon_placement=&#8221;top&#8221; background_layout=&#8221;light&#8221; _builder_version=&#8221;3.0.82&#8243; use_icon_font_size=&#8221;off&#8221; box_shadow_position_image=&#8221;outer&#8221; border_style=&#8221;solid&#8221; box_shadow_position=&#8221;outer&#8221;]<\/p>\n<h3><\/h3>\n<ul>\n<li><strong>Almi Tillv\u00e4xtligan, 2013. <\/strong>En lista med de tio mest snabbv\u00e4xande f\u00f6retagen i l\u00e4net.<\/li>\n<li><strong>Di Gasell, 2014 och 2015. <\/strong>Priset utses av Dagens Industri och ges till Sveriges snabbast v\u00e4xande f\u00f6retag.<\/li>\n<li><strong>\u00c5rets Superf\u00f6retag, 2015. <\/strong>Veckans aff\u00e4rer och Bisnode granskar samtliga Sveriges aktiebolag och utser vinnare baserat p\u00e5 tillv\u00e4xt, vinst, avkastning, effektivitet, kapitalstruktur och finansiering.<\/li>\n<\/ul>\n<p>[\/et_pb_blurb][et_pb_image _builder_version=&#8221;3.0.82&#8243; src=&#8221;https:\/\/tyllingstrands.se\/wp-content\/uploads\/2015\/06\/utmarkelser-1.jpg&#8221; show_in_lightbox=&#8221;off&#8221; url_new_window=&#8221;off&#8221; use_overlay=&#8221;off&#8221; always_center_on_mobile=&#8221;on&#8221; border_style=&#8221;solid&#8221; force_fullwidth=&#8221;off&#8221; show_bottom_space=&#8221;on&#8221; box_shadow_position=&#8221;outer&#8221; \/][\/et_pb_column][\/et_pb_section]<\/p>\n","protected":false},"excerpt":{"rendered":"<p>V\u00c5RA M\u00c5L &amp; V\u00c4RDERINGAR TILLV\u00c4XT V\u00e5r tillv\u00e4xt har skett organiskt utan behov av bankl\u00e5n bortsett fr\u00e5n de l\u00e5n vi tog inf\u00f6r byggnationen av v\u00e5r egen industrifastighet. Vi tror p\u00e5 f\u00f6retag som v\u00e4xer med egna medel. Det skapar sj\u00e4lvf\u00f6rtroende och stabilitet inf\u00f6r framtiden.\u00a0Vi arbetar med genomt\u00e4nkta investeringar och noggrann planering i allt vi g\u00f6r. F\u00f6retaget har [&hellip;]<\/p>\n","protected":false},"author":1,"featured_media":0,"parent":0,"menu_order":0,"comment_status":"open","ping_status":"open","template":"","meta":{"_et_pb_use_builder":"on","_et_pb_old_content":"<p>MILJ\u00d6 & H\u00c5LLBARHET<br \/> Att ha milj\u00f6 och h\u00e5llbarhetst\u00e4nket med i allt vi g\u00f6r \u00e4r en sj\u00e4lvklarhet f\u00f6r oss. Vi f\u00f6rs\u00f6ker alltid hitta de mest innovativa, effektiva och b\u00e4sta l\u00f6sningarna f\u00f6r v\u00e5ra projekt och kunder.<\/p><p>F\u00d6RV\u00c4NTNINGAR & KOMPETENS<br \/> Vi str\u00e4var alltid mot att m\u00f6ta upp v\u00e5ra kunders f\u00f6rv\u00e4ntningar p\u00e5 b\u00e4sta s\u00e4tt och g\u00e4rna \u00f6vertr\u00e4ffa dem.<\/p><p>S\u00c4KERHET & TRYGGHET<br \/> Vi arbetar st\u00e4ndigt med attt utveckla och f\u00f6rb\u00e4ttra v\u00e5r arbetsmilj\u00f6 f\u00f6r att minimera risken f\u00f6r skador samt undvika misstag i projekten.<\/p>","_et_gb_content_width":"","footnotes":""},"class_list":["post-212","page","type-page","status-publish","hentry"],"_links":{"self":[{"href":"https:\/\/tyllingstrands.se\/index.php\/wp-json\/wp\/v2\/pages\/212","targetHints":{"allow":["GET"]}}],"collection":[{"href":"https:\/\/tyllingstrands.se\/index.php\/wp-json\/wp\/v2\/pages"}],"about":[{"href":"https:\/\/tyllingstrands.se\/index.php\/wp-json\/wp\/v2\/types\/page"}],"author":[{"embeddable":true,"href":"https:\/\/tyllingstrands.se\/index.php\/wp-json\/wp\/v2\/users\/1"}],"replies":[{"embeddable":true,"href":"https:\/\/tyllingstrands.se\/index.php\/wp-json\/wp\/v2\/comments?post=212"}],"version-history":[{"count":44,"href":"https:\/\/tyllingstrands.se\/index.php\/wp-json\/wp\/v2\/pages\/212\/revisions"}],"predecessor-version":[{"id":1000,"href":"https:\/\/tyllingstrands.se\/index.php\/wp-json\/wp\/v2\/pages\/212\/revisions\/1000"}],"wp:attachment":[{"href":"https:\/\/tyllingstrands.se\/index.php\/wp-json\/wp\/v2\/media?parent=212"}],"curies":[{"name":"wp","href":"https:\/\/api.w.org\/{rel}","templated":true}]}}