{"id":236,"date":"2015-06-26T12:32:55","date_gmt":"2015-06-26T12:32:55","guid":{"rendered":"http:\/\/www.tyllingstrands.se\/?page_id=236"},"modified":"2019-09-11T12:57:58","modified_gmt":"2019-09-11T12:57:58","slug":"om-fjarrvarme","status":"publish","type":"page","link":"https:\/\/tyllingstrands.se\/index.php\/om-fjarrvarme\/","title":{"rendered":"Om fj\u00e4rrv\u00e4rme"},"content":{"rendered":"<p>[et_pb_section bb_built=&#8221;1&#8243; fullwidth=&#8221;off&#8221; specialty=&#8221;off&#8221;][et_pb_row][et_pb_column type=&#8221;4_4&#8243;][et_pb_image _builder_version=&#8221;3.0.82&#8243; src=&#8221;https:\/\/tyllingstrands.se\/wp-content\/uploads\/2015\/06\/sjon.png&#8221; show_in_lightbox=&#8221;off&#8221; url_new_window=&#8221;off&#8221; use_overlay=&#8221;off&#8221; always_center_on_mobile=&#8221;on&#8221; border_style=&#8221;solid&#8221; force_fullwidth=&#8221;off&#8221; show_bottom_space=&#8221;on&#8221; box_shadow_position=&#8221;outer&#8221; \/][et_pb_text _builder_version=&#8221;3.0.82&#8243; background_layout=&#8221;light&#8221; border_style=&#8221;solid&#8221; box_shadow_position=&#8221;outer&#8221;]<\/p>\n<h1><\/h1>\n<h1>MER OM FJ\u00c4RRV\u00c4RME<\/h1>\n<p>Fj\u00e4rrv\u00e4rme hush\u00e5ller med jordens sinande resurser genom att ta tillvara det som annars g\u00e5r till spillo. Det \u00e4r ocks\u00e5 en klimatsmart och energieffektiv uppv\u00e4rmningsform. Tack vare fj\u00e4rrv\u00e4rmen \u00e4r luften renare och utsl\u00e4ppen betydligt l\u00e4gren \u00e4n f\u00f6r bara 30 \u00e5r sedan d\u00e5 mycket fossila br\u00e4nslen anv\u00e4ndes.<\/p>\n<p>Tack vare att fj\u00e4rrv\u00e4rmen kan ta tillvara resurser som annars skulle g\u00e5 f\u00f6rlorade g\u00f6r den hela samh\u00e4llen energieffektiva. I produktionen anv\u00e4nds exempelvis rester fr\u00e5n n\u00e4rproducerad skog. Systemet tar ocks\u00e5 vara p\u00e5 v\u00e4rme som uppst\u00e5r vid elproduktion i kraftv\u00e4rmeverk, vid avfallsf\u00f6rbr\u00e4nning och fr\u00e5n \u00f6verskottsv\u00e4rme fr\u00e5n lokala industrier.<\/p>\n<h4><\/h4>\n<h3><strong>T\u00e4nkv\u00e4rt f\u00f6r kunder som funderar p\u00e5 att konvertera till fj\u00e4rrv\u00e4rme<\/strong><\/h3>\n<p>Fj\u00e4rrv\u00e4rme \u00e4r enkelt, bekv\u00e4mt och kr\u00e5nglar s\u00e4llan. Tekniken \u00e4r l\u00e4ttsk\u00f6tt och drifts\u00e4kerheten \u00e4r h\u00f6g. Installationen kostar inte mer \u00e4n n\u00e5got annat uppv\u00e4rmningsalternativ. Samtidigt kr\u00e4ver fj\u00e4rrv\u00e4rmen minimalt med underh\u00e5ll, service och reparationer.<\/p>\n<p>[\/et_pb_text][\/et_pb_column][\/et_pb_row][\/et_pb_section]<\/p>\n","protected":false},"excerpt":{"rendered":"<p><div class=\"et_pb_row et_pb_row_0 et_pb_row_empty\">\n\t\t\t\t\n\t\t\t\t\n\t\t\t\t\n\t\t\t\t\n\t\t\t\t\n\t\t\t<\/div> MER OM FJ\u00c4RRV\u00c4RME Fj\u00e4rrv\u00e4rme hush\u00e5ller med jordens sinande resurser genom att ta tillvara det som annars g\u00e5r till spillo. Det \u00e4r ocks\u00e5 en klimatsmart och energieffektiv uppv\u00e4rmningsform. Tack vare fj\u00e4rrv\u00e4rmen \u00e4r luften renare och utsl\u00e4ppen betydligt l\u00e4gren \u00e4n f\u00f6r bara 30 \u00e5r sedan d\u00e5 mycket fossila br\u00e4nslen anv\u00e4ndes. Tack vare att fj\u00e4rrv\u00e4rmen kan ta [&hellip;]<\/p>\n","protected":false},"author":1,"featured_media":0,"parent":0,"menu_order":0,"comment_status":"open","ping_status":"open","template":"","meta":{"_et_pb_use_builder":"on","_et_pb_old_content":"","_et_gb_content_width":"","footnotes":""},"class_list":["post-236","page","type-page","status-publish","hentry"],"_links":{"self":[{"href":"https:\/\/tyllingstrands.se\/index.php\/wp-json\/wp\/v2\/pages\/236","targetHints":{"allow":["GET"]}}],"collection":[{"href":"https:\/\/tyllingstrands.se\/index.php\/wp-json\/wp\/v2\/pages"}],"about":[{"href":"https:\/\/tyllingstrands.se\/index.php\/wp-json\/wp\/v2\/types\/page"}],"author":[{"embeddable":true,"href":"https:\/\/tyllingstrands.se\/index.php\/wp-json\/wp\/v2\/users\/1"}],"replies":[{"embeddable":true,"href":"https:\/\/tyllingstrands.se\/index.php\/wp-json\/wp\/v2\/comments?post=236"}],"version-history":[{"count":23,"href":"https:\/\/tyllingstrands.se\/index.php\/wp-json\/wp\/v2\/pages\/236\/revisions"}],"predecessor-version":[{"id":1072,"href":"https:\/\/tyllingstrands.se\/index.php\/wp-json\/wp\/v2\/pages\/236\/revisions\/1072"}],"wp:attachment":[{"href":"https:\/\/tyllingstrands.se\/index.php\/wp-json\/wp\/v2\/media?parent=236"}],"curies":[{"name":"wp","href":"https:\/\/api.w.org\/{rel}","templated":true}]}}