{"id":384,"date":"2015-07-09T19:45:16","date_gmt":"2015-07-09T19:45:16","guid":{"rendered":"http:\/\/www.tyllingstrands.se\/?page_id=384"},"modified":"2019-09-13T11:22:27","modified_gmt":"2019-09-13T11:22:27","slug":"historik","status":"publish","type":"page","link":"https:\/\/tyllingstrands.se\/index.php\/historik\/","title":{"rendered":"V\u00e5r story"},"content":{"rendered":"<p>[et_pb_section fb_built=&#8221;1&#8243; _builder_version=&#8221;3.22&#8243; fb_built=&#8221;1&#8243; bb_built=&#8221;1&#8243; _i=&#8221;0&#8243; _address=&#8221;0&#8243;][et_pb_row column_structure=&#8221;2_3,1_3&#8243; _builder_version=&#8221;3.25&#8243; background_size=&#8221;initial&#8221; background_position=&#8221;top_left&#8221; background_repeat=&#8221;repeat&#8221; _i=&#8221;0&#8243; _address=&#8221;0.0&#8243;][et_pb_column type=&#8221;2_3&#8243; _builder_version=&#8221;3.25&#8243; custom_padding=&#8221;|||&#8221; _i=&#8221;0&#8243; _address=&#8221;0.0.0&#8243; custom_padding__hover=&#8221;|||&#8221;][et_pb_text _builder_version=&#8221;3.27.4&#8243; background_size=&#8221;initial&#8221; background_position=&#8221;top_left&#8221; background_repeat=&#8221;repeat&#8221; module_alignment=&#8221;left&#8221; border_style=&#8221;solid&#8221; _i=&#8221;0&#8243; _address=&#8221;0.0.0.0&#8243;]<\/p>\n<h1>S\u00c5 GICK DET TILL&#8230;<\/h1>\n<p><strong>Tyllingstrands AB bildades 2007 av de b\u00e5da del\u00e4garna Hans Danielsson och Pernilla Jennervall. Hans Danielsson \u00e4r i dag vd f\u00f6r f\u00f6retaget och Pernilla Jennervall \u00e4r ekonomi- och personalansvarig. Hans Danielssons historia som entrepren\u00f6r g\u00e5r l\u00e4ngre tillbaka och han har varit egen f\u00f6retagare under stora delar av sitt yrkesliv. Fr\u00e5n b\u00f6rjan drev han ett billackeringsf\u00f6retag, men s\u00e5 sm\u00e5ningom s\u00e5g han ett behov p\u00e5 marknaden inom ihopsvetsning av fj\u00e4rrv\u00e4rmer\u00f6r.<\/strong><\/p>\n<p>&nbsp;<\/p>\n<h2>Steget mot starta eget<\/h2>\n<p>Steget att starta eget f\u00f6retag inom fj\u00e4rrv\u00e4rmeinstallation tog Hans Danielsson och Pernilla Jennervall \u00e5r 2007. Den f\u00f6rsta tiden arbetade f\u00f6retaget fr\u00e4mst som underentrepren\u00f6r \u00e5t K\u00e4llby R\u00f6r, \u00e5t vilka vi utf\u00f6rde svetsning samt installation av v\u00e4rmepumpar och fj\u00e4rrv\u00e4rmecentraler. Kostnadsmedvetenheten var stor fr\u00e5n b\u00f6rjan och f\u00f6r att begr\u00e4nsa kostnaderna ville vi g\u00f6ra s\u00e5 mycket som m\u00f6jligt p\u00e5 egen hand. Men redan f\u00f6rsta \u00e5ret fick vi s\u00e5 mycket best\u00e4llningar att vi beh\u00f6vde anst\u00e4lla ytterligare tv\u00e5. Som underleverant\u00f6r \u00e5t K\u00e4llby R\u00f6r reste vi mycket och utf\u00f6rde jobb i hela landet. Det blev inte mycket tal om fritid, utan vi l\u00e5g ute \u00e4ven under helger och arbetade. Det var en slitsam tillvaro, vilket fick oss att b\u00f6rja s\u00f6ka oss hem till Falun f\u00f6r att s\u00f6ka efter kunder h\u00e4r.<\/p>\n<p>I detta skede fick vi <strong><a href=\"http:\/\/www.fev.se\" target=\"_blank\" rel=\"noopener noreferrer\">Falu Energi &amp; Vatten<\/a><\/strong> som kund. Vi vann omfattande upphandlingar hos dem och fick genast mycket att g\u00f6ra. Vi v\u00e4xte s\u00e5 sm\u00e5ningom och fick fler kunder i n\u00e4romr\u00e5det, som bland annat <strong><a href=\"http:\/\/www.borlange-energi.se\/\">Borl\u00e4nge Energi<\/a>, <a href=\"http:\/\/www.sandvikenenergi.se\">Sandviken Energi<\/a><\/strong>, <a href=\"http:\/\/www.malung-salenskommun.se\"><strong>Malung-S\u00e4lens Kommun<\/strong><\/a>, <a href=\"http:\/\/www.bergvikskog.se\"><strong>Bergvik Skog AB<\/strong><\/a>, <strong><a href=\"http:\/\/www.avestakommun.se\">Avesta kommun<\/a><\/strong> och <a href=\"http:\/\/www.varmevarden.se\"><strong>V\u00e4rmev\u00e4rden AB<\/strong><\/a>.<\/p>\n<p>V\u00e5r kompetens om fj\u00e4rrv\u00e4rmekulvertar \u00f6kades successivt och s\u00e5 sm\u00e5ningom blev vi vad vi \u00e4r i dag \u2013 en komplett leverant\u00f6r av montering och installation av fj\u00e4rrv\u00e4rmer\u00f6r och fj\u00e4rrv\u00e4rmecentraler.<\/p>\n<h2><\/h2>\n<h2>Falun-Borl\u00e4nges fj\u00e4rrv\u00e4rmen\u00e4t<\/h2>\n<p>Ett stort steg upp\u00e5t tog vi 2012 n\u00e4r vi vann upphandlingen av det unika fj\u00e4rrv\u00e4rmesamarbetet mellan Falun och Borl\u00e4nge d\u00e4r de b\u00e5da st\u00e4dernas fj\u00e4rrv\u00e4rmen\u00e4t byggdes ihop. Det var \u00f6ver tv\u00e5 mil ledningar i tv\u00e5 riktningar som byggdes och som togs i drift \u00e5ret d\u00e4rp\u00e5. Falun och Borl\u00e4nge kan nu anv\u00e4nda b\u00e5da st\u00e4dernas uppv\u00e4rmningsm\u00f6jligheter, bland annat industriernas restv\u00e4rme. D\u00e4rmed kan man v\u00e4lja det alternativ som f\u00f6r stunden \u00e4r billigast eller mest milj\u00f6v\u00e4nligt. Vi l\u00e4rde oss enormt mycket under det projektet och fick goda erfarenheter av st\u00f6rre projekt att ta med oss in i framtiden.<\/p>\n<h2><\/h2>\n<h2>Egna, nybyggda lokaler &#8211; ett Passivhus<\/h2>\n<p>Ytterligare en milstolpe passerade vi n\u00e4r vi flyttade in i v\u00e5ra egna nybyggda lokaler p\u00e5 Ingarvet i Falun. Vi k\u00f6pte marken redan 2010 och byggde d\u00e4refter en lokal helt i egen regi. Hans Danielsson lade sj\u00e4lv ner mycket av sin fritid i byggandet och han levde i princip i sina snickarbyxor. Inflyttningen gjorde vi \u00e5r 2013. Det \u00e4r ett s\u00e5 kallat passivhus, vilket inneb\u00e4r en extremt l\u00e5g energif\u00f6rbrukning, vilket passar v\u00e4l in i v\u00e5r profil som milj\u00f6v\u00e4nligt f\u00f6retag. Vi \u00e4r stolta \u00f6ver att ligga i framkant vad g\u00e4ller milj\u00f6v\u00e4nliga och energieffektiva industrilokaler.<\/p>\n<h2><\/h2>\n<h2>Redovisning i huset<\/h2>\n<p>\u00c5r 2011 utbildade sig Pernilla Jennervall till auktoriserad redovisningskonsult. N\u00e4r studierna var klara arbetade hon med Tyllingstrands ekonomi samtidigt som hon var deltidsanst\u00e4lld vid en revisionsbyr\u00e5 i Falun. Sedan v\u00e5ren 2016 arbetar Pernilla Jennervall heltid vid Tyllingstrands. Dels som ekonomi- och personalansvarig och dels som redovisningskonsult \u00e5t externa kunder.<\/p>\n<p>&#8221;<em>Vi har byggt en stabil grund med ett kompetent g\u00e4ng v\u00e4lutbildade medarbetare och god finansiell expertis. Vi st\u00e5r nu v\u00e4l rustade f\u00f6r ytterligare tillv\u00e4xt de kommande \u00e5ren.<\/em>\u201d<\/p>\n<p><strong>Hans Danielsson<\/strong><br \/>\n[\/et_pb_text][\/et_pb_column][et_pb_column type=&#8221;1_3&#8243; _builder_version=&#8221;3.25&#8243; custom_padding=&#8221;|||&#8221; _i=&#8221;1&#8243; _address=&#8221;0.0.1&#8243; custom_padding__hover=&#8221;|||&#8221;][et_pb_image src=&#8221;https:\/\/tyllingstrands.se\/wp-content\/uploads\/2015\/07\/PernillaHasse.jpg&#8221; align_tablet=&#8221;center&#8221; align_last_edited=&#8221;on|desktop&#8221; _builder_version=&#8221;3.23&#8243; border_style=&#8221;solid&#8221; always_center_on_mobile=&#8221;on&#8221; _i=&#8221;0&#8243; _address=&#8221;0.0.1.0&#8243;][\/et_pb_image][et_pb_text _builder_version=&#8221;3.27.4&#8243; border_style=&#8221;solid&#8221; _i=&#8221;1&#8243; _address=&#8221;0.0.1.1&#8243;]<\/p>\n<p><em>Hans Danielsson och Pernilla Jennervall vid prisutdelningen av <strong>\u00c5rets Superf\u00f6retag<\/strong>. Tyllingstrands har mottagit <strong>Di Gasell, 2014 och 2015. <\/strong>Priset utses av Dagens Industri och ges till Sveriges snabbast v\u00e4xande f\u00f6retag.<\/em><\/p>\n<p>[\/et_pb_text][\/et_pb_column][\/et_pb_row][\/et_pb_section][et_pb_section fb_built=&#8221;1&#8243; _builder_version=&#8221;3.22&#8243; fb_built=&#8221;1&#8243; bb_built=&#8221;1&#8243; _i=&#8221;1&#8243; _address=&#8221;1&#8243;][et_pb_row column_structure=&#8221;1_4,1_4,1_2&#8243; _builder_version=&#8221;3.25&#8243; background_size=&#8221;initial&#8221; background_position=&#8221;top_left&#8221; background_repeat=&#8221;repeat&#8221; _i=&#8221;0&#8243; _address=&#8221;1.0&#8243;][et_pb_column type=&#8221;1_4&#8243; _builder_version=&#8221;3.25&#8243; custom_padding=&#8221;|||&#8221; _i=&#8221;0&#8243; _address=&#8221;1.0.0&#8243; custom_padding__hover=&#8221;|||&#8221;][et_pb_image src=&#8221;https:\/\/tyllingstrands.se\/wp-content\/uploads\/2015\/06\/water2.png&#8221; align_tablet=&#8221;center&#8221; align_last_edited=&#8221;on|desktop&#8221; _builder_version=&#8221;3.23&#8243; animation_style=&#8221;slide&#8221; animation_direction=&#8221;left&#8221; animation_duration=&#8221;500ms&#8221; animation_intensity_slide=&#8221;10%&#8221; use_border_color=&#8221;off&#8221; border_color=&#8221;#ffffff&#8221; border_style=&#8221;solid&#8221; animation=&#8221;left&#8221; sticky=&#8221;off&#8221; always_center_on_mobile=&#8221;on&#8221; _i=&#8221;0&#8243; _address=&#8221;1.0.0.0&#8243;][\/et_pb_image][\/et_pb_column][et_pb_column type=&#8221;1_4&#8243; _builder_version=&#8221;3.25&#8243; custom_padding=&#8221;|||&#8221; _i=&#8221;1&#8243; _address=&#8221;1.0.1&#8243; custom_padding__hover=&#8221;|||&#8221;][et_pb_image src=&#8221;https:\/\/tyllingstrands.se\/wp-content\/uploads\/2015\/06\/ror3.jpg&#8221; align_tablet=&#8221;center&#8221; align_last_edited=&#8221;on|desktop&#8221; _builder_version=&#8221;3.23&#8243; animation_style=&#8221;slide&#8221; animation_direction=&#8221;left&#8221; animation_duration=&#8221;500ms&#8221; animation_intensity_slide=&#8221;10%&#8221; use_border_color=&#8221;off&#8221; border_color=&#8221;#ffffff&#8221; border_style=&#8221;solid&#8221; animation=&#8221;left&#8221; sticky=&#8221;off&#8221; always_center_on_mobile=&#8221;on&#8221; _i=&#8221;0&#8243; _address=&#8221;1.0.1.0&#8243;][\/et_pb_image][\/et_pb_column][et_pb_column type=&#8221;1_2&#8243; _builder_version=&#8221;3.25&#8243; custom_padding=&#8221;|||&#8221; _i=&#8221;2&#8243; _address=&#8221;1.0.2&#8243; custom_padding__hover=&#8221;|||&#8221;][et_pb_image src=&#8221;https:\/\/tyllingstrands.se\/wp-content\/uploads\/2015\/06\/water2.png&#8221; align_tablet=&#8221;center&#8221; align_last_edited=&#8221;on|desktop&#8221; _builder_version=&#8221;3.23&#8243; animation_style=&#8221;slide&#8221; animation_direction=&#8221;left&#8221; animation_duration=&#8221;500ms&#8221; animation_intensity_slide=&#8221;10%&#8221; use_border_color=&#8221;off&#8221; border_color=&#8221;#ffffff&#8221; border_style=&#8221;solid&#8221; animation=&#8221;left&#8221; sticky=&#8221;off&#8221; always_center_on_mobile=&#8221;on&#8221; _i=&#8221;0&#8243; _address=&#8221;1.0.2.0&#8243;][\/et_pb_image][\/et_pb_column][\/et_pb_row][\/et_pb_section]<\/p>\n","protected":false},"excerpt":{"rendered":"<p>S\u00c5 GICK DET TILL&#8230; Tyllingstrands AB bildades 2007 av de b\u00e5da del\u00e4garna Hans Danielsson och Pernilla Jennervall. Hans Danielsson \u00e4r i dag vd f\u00f6r f\u00f6retaget och Pernilla Jennervall \u00e4r ekonomi- och personalansvarig. Hans Danielssons historia som entrepren\u00f6r g\u00e5r l\u00e4ngre tillbaka och han har varit egen f\u00f6retagare under stora delar av sitt yrkesliv. Fr\u00e5n b\u00f6rjan drev [&hellip;]<\/p>\n","protected":false},"author":1,"featured_media":0,"parent":0,"menu_order":0,"comment_status":"open","ping_status":"open","template":"","meta":{"_et_pb_use_builder":"on","_et_pb_old_content":"","_et_gb_content_width":"","footnotes":""},"class_list":["post-384","page","type-page","status-publish","hentry"],"_links":{"self":[{"href":"https:\/\/tyllingstrands.se\/index.php\/wp-json\/wp\/v2\/pages\/384","targetHints":{"allow":["GET"]}}],"collection":[{"href":"https:\/\/tyllingstrands.se\/index.php\/wp-json\/wp\/v2\/pages"}],"about":[{"href":"https:\/\/tyllingstrands.se\/index.php\/wp-json\/wp\/v2\/types\/page"}],"author":[{"embeddable":true,"href":"https:\/\/tyllingstrands.se\/index.php\/wp-json\/wp\/v2\/users\/1"}],"replies":[{"embeddable":true,"href":"https:\/\/tyllingstrands.se\/index.php\/wp-json\/wp\/v2\/comments?post=384"}],"version-history":[{"count":19,"href":"https:\/\/tyllingstrands.se\/index.php\/wp-json\/wp\/v2\/pages\/384\/revisions"}],"predecessor-version":[{"id":1120,"href":"https:\/\/tyllingstrands.se\/index.php\/wp-json\/wp\/v2\/pages\/384\/revisions\/1120"}],"wp:attachment":[{"href":"https:\/\/tyllingstrands.se\/index.php\/wp-json\/wp\/v2\/media?parent=384"}],"curies":[{"name":"wp","href":"https:\/\/api.w.org\/{rel}","templated":true}]}}