{"id":434,"date":"2015-07-10T10:23:09","date_gmt":"2015-07-10T10:23:09","guid":{"rendered":"https:\/\/tyllingstrands.se\/?page_id=434"},"modified":"2018-01-23T10:19:12","modified_gmt":"2018-01-23T10:19:12","slug":"sakerhet","status":"publish","type":"page","link":"https:\/\/tyllingstrands.se\/index.php\/sakerhet\/","title":{"rendered":"Samarbetspartners &#038; Leverant\u00f6rer"},"content":{"rendered":"<p>[et_pb_section bb_built=&#8221;1&#8243; fullwidth=&#8221;off&#8221; specialty=&#8221;off&#8221;][et_pb_row][et_pb_column type=&#8221;2_3&#8243;][et_pb_text _builder_version=&#8221;3.0.82&#8243; background_layout=&#8221;light&#8221; border_style=&#8221;solid&#8221; box_shadow_position=&#8221;outer&#8221;]<\/p>\n<h2>Samabetspartners och leverant\u00f6rer<\/h2>\n<ul>\n<li><strong><a href=\"http:\/\/www.mittel.se\" target=\"_blank\" rel=\"noopener\">Mittel<\/a><\/strong><\/li>\n<li><strong><a href=\"http:\/\/www.peab.se\/om-peab\/kontakta-oss\/kontor\/\" target=\"_blank\" rel=\"noopener\">Peab Anl\u00e4ggning AB<\/a><\/strong><\/li>\n<li><strong><a href=\"http:\/\/www.linje-kabel.se\/\" target=\"_blank\" rel=\"noopener\">Linje &amp; Kabelpl\u00f6jning AB<\/a><\/strong><\/li>\n<li><strong><a href=\"http:\/\/www.powerpipe.se\/sv\" target=\"_blank\" rel=\"noopener\">Powerpipe Systems AB<\/a><\/strong><\/li>\n<li><strong><a href=\"http:\/\/www.logstor.com\" target=\"_blank\" rel=\"noopener\"> Logstor AB<\/a><\/strong><\/li>\n<\/ul>\n<p>[\/et_pb_text][\/et_pb_column][et_pb_column type=&#8221;1_3&#8243;][et_pb_image _builder_version=&#8221;3.0.82&#8243; src=&#8221;https:\/\/tyllingstrands.se\/wp-content\/uploads\/2015\/07\/work5.jpg&#8221; show_in_lightbox=&#8221;off&#8221; url_new_window=&#8221;off&#8221; use_overlay=&#8221;off&#8221; always_center_on_mobile=&#8221;on&#8221; border_style=&#8221;solid&#8221; force_fullwidth=&#8221;off&#8221; show_bottom_space=&#8221;on&#8221; box_shadow_position=&#8221;outer&#8221; \/][\/et_pb_column][\/et_pb_row][\/et_pb_section]<\/p>\n","protected":false},"excerpt":{"rendered":"<p><div class=\"et_pb_row et_pb_row_0 et_pb_row_empty\">\n\t\t\t\t\n\t\t\t\t\n\t\t\t\t\n\t\t\t\t\n\t\t\t\t\n\t\t\t<\/div> Samabetspartners och leverant\u00f6rer Mittel Peab Anl\u00e4ggning AB Linje &amp; Kabelpl\u00f6jning AB Powerpipe Systems AB Logstor AB<\/p>\n","protected":false},"author":1,"featured_media":0,"parent":0,"menu_order":0,"comment_status":"open","ping_status":"open","template":"","meta":{"_et_pb_use_builder":"on","_et_pb_old_content":"<ul>\r\n \t<li><strong><a href=\"http:\/\/www.mittel.se\" target=\"_blank\" rel=\"noopener\">Mittel<\/a><\/strong><\/li>\r\n \t<li><strong><a href=\"http:\/\/www.peab.se\/om-peab\/kontakta-oss\/kontor\/\" target=\"_blank\" rel=\"noopener\">Peab Anl\u00e4ggning AB<\/a><\/strong><\/li>\r\n \t<li><strong><a href=\"http:\/\/www.linje-kabel.se\/\" target=\"_blank\" rel=\"noopener\">Linje & Kabelpl\u00f6jning AB<\/a><\/strong><\/li>\r\n \t<li><strong><a href=\"http:\/\/www.powerpipe.se\/sv\" target=\"_blank\" rel=\"noopener\">Powerpipe Systems AB<\/a><\/strong><\/li>\r\n \t<li><strong><a href=\"http:\/\/www.logstor.com\" target=\"_blank\" rel=\"noopener\"> Logstor AB<\/a><\/strong><\/li>\r\n<\/ul>","_et_gb_content_width":"","footnotes":""},"class_list":["post-434","page","type-page","status-publish","hentry"],"_links":{"self":[{"href":"https:\/\/tyllingstrands.se\/index.php\/wp-json\/wp\/v2\/pages\/434","targetHints":{"allow":["GET"]}}],"collection":[{"href":"https:\/\/tyllingstrands.se\/index.php\/wp-json\/wp\/v2\/pages"}],"about":[{"href":"https:\/\/tyllingstrands.se\/index.php\/wp-json\/wp\/v2\/types\/page"}],"author":[{"embeddable":true,"href":"https:\/\/tyllingstrands.se\/index.php\/wp-json\/wp\/v2\/users\/1"}],"replies":[{"embeddable":true,"href":"https:\/\/tyllingstrands.se\/index.php\/wp-json\/wp\/v2\/comments?post=434"}],"version-history":[{"count":9,"href":"https:\/\/tyllingstrands.se\/index.php\/wp-json\/wp\/v2\/pages\/434\/revisions"}],"predecessor-version":[{"id":815,"href":"https:\/\/tyllingstrands.se\/index.php\/wp-json\/wp\/v2\/pages\/434\/revisions\/815"}],"wp:attachment":[{"href":"https:\/\/tyllingstrands.se\/index.php\/wp-json\/wp\/v2\/media?parent=434"}],"curies":[{"name":"wp","href":"https:\/\/api.w.org\/{rel}","templated":true}]}}