{"id":50,"date":"2015-06-16T10:26:50","date_gmt":"2015-06-16T10:26:50","guid":{"rendered":"http:\/\/www.tyllingstrands.se\/?page_id=50"},"modified":"2019-09-06T12:10:00","modified_gmt":"2019-09-06T12:10:00","slug":"referenser","status":"publish","type":"page","link":"https:\/\/tyllingstrands.se\/index.php\/referenser\/","title":{"rendered":"Referenser"},"content":{"rendered":"<p>[et_pb_section bb_built=&#8221;1&#8243; fullwidth=&#8221;off&#8221; specialty=&#8221;off&#8221;][et_pb_row][et_pb_column type=&#8221;3_4&#8243;][et_pb_text background_layout=&#8221;light&#8221; border_style=&#8221;solid&#8221; module_alignment=&#8221;left&#8221; background_position=&#8221;top_left&#8221; background_repeat=&#8221;repeat&#8221; background_size=&#8221;initial&#8221; _builder_version=&#8221;3.0.82&#8243; box_shadow_position=&#8221;outer&#8221;]<\/p>\n<h1>PROJEKT INOM R\u00d6RENTREPRENAD<\/h1>\n<p>Vi har arbetat med m\u00e5nga olika typer av projekt och h\u00e4r ses ett urval. Tyllingstrands har l\u00e5ng erfarenhet inom r\u00f6rentreprenad. Bakom oss ligger m\u00e5nga timmars jobb med tusen och \u00e5ter tusentals meter lagda r\u00f6r. L\u00e4s mer om respektive projekt under bilderna.<\/p>\n<p>[\/et_pb_text][\/et_pb_column][et_pb_column type=&#8221;1_4&#8243;][et_pb_image src=&#8221;https:\/\/tyllingstrands.se\/wp-content\/uploads\/2015\/06\/bildmtexttest.jpg&#8221; show_in_lightbox=&#8221;off&#8221; url_new_window=&#8221;off&#8221; animation=&#8221;left&#8221; sticky=&#8221;off&#8221; align=&#8221;left&#8221; force_fullwidth=&#8221;off&#8221; always_center_on_mobile=&#8221;on&#8221; use_border_color=&#8221;off&#8221; border_color=&#8221;#ffffff&#8221; border_style=&#8221;solid&#8221; animation_direction=&#8221;left&#8221; animation_style=&#8221;slide&#8221; animation_duration=&#8221;500ms&#8221; animation_intensity_slide=&#8221;10%&#8221; _builder_version=&#8221;3.0.82&#8243; \/][\/et_pb_column][\/et_pb_row][\/et_pb_section][et_pb_section bb_built=&#8221;1&#8243; background_color=&#8221;#ffffff&#8221; inner_shadow=&#8221;off&#8221; parallax=&#8221;off&#8221;][et_pb_row][et_pb_column type=&#8221;4_4&#8243;][et_pb_filterable_portfolio admin_label=&#8221;Filterable Portfolio&#8221; fullwidth=&#8221;off&#8221; posts_number=&#8221;12&#8243; show_title=&#8221;on&#8221; show_categories=&#8221;on&#8221; show_pagination=&#8221;off&#8221; background_layout=&#8221;light&#8221; background_position=&#8221;top_left&#8221; background_repeat=&#8221;repeat&#8221; background_size=&#8221;initial&#8221; _builder_version=&#8221;3.0.82&#8243; zoom_icon_color=&#8221;#001b36&#8243; hover_overlay_color=&#8221;rgba(255,255,255,0.9)&#8221; box_shadow_position_image=&#8221;outer&#8221; pagination_font_size_tablet=&#8221;51&#8243; pagination_line_height_tablet=&#8221;2&#8243; border_style=&#8221;solid&#8221; box_shadow_position=&#8221;outer&#8221; \/][\/et_pb_column][\/et_pb_row][\/et_pb_section][et_pb_section bb_built=&#8221;1&#8243; fullwidth=&#8221;off&#8221; specialty=&#8221;off&#8221; background_color=&#8221;#f7f7f7&#8243; inner_shadow=&#8221;on&#8221; parallax=&#8221;off&#8221;][et_pb_row][et_pb_column type=&#8221;4_4&#8243;][et_pb_cta admin_label=&#8221;Call To Action&#8221; title=&#8221;Hur kan vi hj\u00e4lpa er? V\u00e4lkommen med era fr\u00e5gor.&#8221; button_url=&#8221;https:\/\/tyllingstrands.se\/index.php\/kontakt\/&#8221; button_text=&#8221;Kontakta oss&#8221; use_background_color=&#8221;off&#8221; background_color=&#8221;#108bf5&#8243; background_layout=&#8221;light&#8221; background_position=&#8221;top_left&#8221; background_repeat=&#8221;repeat&#8221; background_size=&#8221;initial&#8221; _builder_version=&#8221;3.0.82&#8243; url_new_window=&#8221;off&#8221; border_style=&#8221;solid&#8221; custom_button=&#8221;off&#8221; button_icon_placement=&#8221;right&#8221; box_shadow_position_button=&#8221;outer&#8221; box_shadow_position=&#8221;outer&#8221; \/][\/et_pb_column][\/et_pb_row][\/et_pb_section]<\/p>\n","protected":false},"excerpt":{"rendered":"<p>Parit doluptur sintibust officipsum et quia sitisitatur modi dolut aut lab im nis dis moloria dolorat ibusdae essitis etur asinctem es demporro explibus modiam ut alibusam explia voluptaque pliquas aciet eaqui dis dolupta cus, od maximiniti que namus evelestium rehente dolum id et ommodis est faceatem quatum susdanti tempore, quibusda nitae volor a audigen derchillit ea con pro volorep tatioss itatem ditate eos arum fugitaquis aut essimaio eni samus reperio. Et optatuscil ipsam, id untiis dolorepro quam quam vendi quam eum saecus am esedica epudam dusanderi corum fugianto quias ullorem quuntotatur rest ligenim usdaepero ipsam quam, tem. Lesequi denducia sapid qui conecesci ut quate everuptio consequam, nos mo te occusa sequiaecum etur?<br \/>\nRibust, optat molende pa sit et es ut voloriaectem si suntiis nitetur, sit re im fugiam vellene cepero magnihi tentota non nonem. It lam nonsed quo ex eos mod eati quossit estrunt emquos moloris rem hariatia volupti ut officia inihicimus, optiusandae voluptas elent asperae reius non coneturest etur seces sita seque vo<\/p>\n","protected":false},"author":1,"featured_media":0,"parent":0,"menu_order":0,"comment_status":"open","ping_status":"open","template":"","meta":{"_et_pb_use_builder":"on","_et_pb_old_content":"<p>Vi har ett stort antal referenser. L\u00e4s mer.<\/p>","_et_gb_content_width":"","footnotes":""},"class_list":["post-50","page","type-page","status-publish","hentry"],"_links":{"self":[{"href":"https:\/\/tyllingstrands.se\/index.php\/wp-json\/wp\/v2\/pages\/50","targetHints":{"allow":["GET"]}}],"collection":[{"href":"https:\/\/tyllingstrands.se\/index.php\/wp-json\/wp\/v2\/pages"}],"about":[{"href":"https:\/\/tyllingstrands.se\/index.php\/wp-json\/wp\/v2\/types\/page"}],"author":[{"embeddable":true,"href":"https:\/\/tyllingstrands.se\/index.php\/wp-json\/wp\/v2\/users\/1"}],"replies":[{"embeddable":true,"href":"https:\/\/tyllingstrands.se\/index.php\/wp-json\/wp\/v2\/comments?post=50"}],"version-history":[{"count":41,"href":"https:\/\/tyllingstrands.se\/index.php\/wp-json\/wp\/v2\/pages\/50\/revisions"}],"predecessor-version":[{"id":1030,"href":"https:\/\/tyllingstrands.se\/index.php\/wp-json\/wp\/v2\/pages\/50\/revisions\/1030"}],"wp:attachment":[{"href":"https:\/\/tyllingstrands.se\/index.php\/wp-json\/wp\/v2\/media?parent=50"}],"curies":[{"name":"wp","href":"https:\/\/api.w.org\/{rel}","templated":true}]}}