{"id":93,"date":"2015-06-16T13:10:50","date_gmt":"2015-06-16T13:10:50","guid":{"rendered":"http:\/\/www.tyllingstrands.se\/?page_id=93"},"modified":"2024-04-23T11:39:23","modified_gmt":"2024-04-23T11:39:23","slug":"kontakt","status":"publish","type":"page","link":"https:\/\/tyllingstrands.se\/index.php\/kontakt\/","title":{"rendered":"Kontakt"},"content":{"rendered":"<p>[et_pb_section fb_built=&#8221;1&#8243; _builder_version=&#8221;4.16&#8243; global_colors_info=&#8221;{}&#8221;][et_pb_row _builder_version=&#8221;4.16&#8243; background_size=&#8221;initial&#8221; background_position=&#8221;top_left&#8221; background_repeat=&#8221;repeat&#8221; hover_enabled=&#8221;0&#8243; global_colors_info=&#8221;{}&#8221; min_height=&#8221;381.3px&#8221; sticky_enabled=&#8221;0&#8243; custom_padding=&#8221;||10px|||&#8221;][et_pb_column type=&#8221;4_4&#8243; _builder_version=&#8221;4.16&#8243; custom_padding=&#8221;|||&#8221; global_colors_info=&#8221;{}&#8221; custom_padding__hover=&#8221;|||&#8221;][et_pb_text _builder_version=&#8221;4.16&#8243; background_size=&#8221;initial&#8221; background_position=&#8221;top_left&#8221; background_repeat=&#8221;repeat&#8221; module_alignment=&#8221;left&#8221; border_style=&#8221;solid&#8221; global_colors_info=&#8221;{}&#8221;]<\/p>\n<h2>KONTAKTA OSS<\/h2>\n<h3><strong>Telefon: 023-138 20<\/strong><\/h3>\n<p><a href=\"mailto:info@tyllingstrands.se\">info@tyllingstrands.se<\/a><\/p>\n<p><strong>\u00d6ppettider:<\/strong><br \/>M\u00e5ndag-Fredag 08.00-17.00.<br \/>Lunch mellan 12.00-13.00.<\/p>\n<p>Du hittar oss i v\u00e5rt eget, milj\u00f6anpassade hus p\u00e5 industriomr\u00e5det Ingarvet i Falun.<br \/>Bes\u00f6ksadress:<strong><br \/>Skyfallsv\u00e4gen 14<br \/>791 77\u00a0 FALUN<\/strong><\/p>\n<p>[\/et_pb_text][\/et_pb_column][\/et_pb_row][et_pb_row _builder_version=&#8221;4.24.2&#8243; _module_preset=&#8221;default&#8221; custom_padding=&#8221;0px|||||&#8221; hover_enabled=&#8221;0&#8243; sticky_enabled=&#8221;0&#8243; min_height=&#8221;67.8px&#8221;][et_pb_column _builder_version=&#8221;4.24.2&#8243; _module_preset=&#8221;default&#8221; type=&#8221;4_4&#8243;][et_pb_text _builder_version=&#8221;4.24.2&#8243; _module_preset=&#8221;default&#8221; hover_enabled=&#8221;0&#8243; sticky_enabled=&#8221;0&#8243; text_orientation=&#8221;center&#8221; custom_padding=&#8221;||14px|||&#8221; min_height=&#8221;35.6px&#8221;]<\/p>\n<p style=\"text-align: left;\"><em>Vi finns \u00e4ven p\u00e5 sociala medier<\/em><\/p>\n<p>[\/et_pb_text][et_pb_social_media_follow _builder_version=&#8221;4.24.2&#8243; _module_preset=&#8221;default&#8221; hover_enabled=&#8221;0&#8243; sticky_enabled=&#8221;0&#8243; custom_padding=&#8221;0px|||||&#8221; use_icon_font_size=&#8221;on&#8221; icon_font_size=&#8221;54px&#8221;][et_pb_social_media_follow_network social_network=&#8221;facebook&#8221; background_color=&#8221;#3b5998&#8243; _builder_version=&#8221;4.24.2&#8243; _module_preset=&#8221;default&#8221; follow_button=&#8221;off&#8221; url_new_window=&#8221;on&#8221; url=&#8221;https:\/\/www.facebook.com\/profile.php?id=100063477670918&#8243; hover_enabled=&#8221;0&#8243; sticky_enabled=&#8221;0&#8243;]facebook[\/et_pb_social_media_follow_network][et_pb_social_media_follow_network social_network=&#8221;instagram&#8221; background_color=&#8221;#ea2c59&#8243; _builder_version=&#8221;4.24.2&#8243; _module_preset=&#8221;default&#8221; follow_button=&#8221;off&#8221; url_new_window=&#8221;on&#8221; url=&#8221;https:\/\/www.instagram.com\/tyllingstrands?utm_source=ig_web_button_share_sheet&#038;igsh=ZDNlZDc0MzIxNw==&#8221; hover_enabled=&#8221;0&#8243; sticky_enabled=&#8221;0&#8243;]instagram[\/et_pb_social_media_follow_network][\/et_pb_social_media_follow][\/et_pb_column][\/et_pb_row][et_pb_row _builder_version=&#8221;4.16&#8243; background_size=&#8221;initial&#8221; background_position=&#8221;top_left&#8221; background_repeat=&#8221;repeat&#8221; global_colors_info=&#8221;{}&#8221;][et_pb_column type=&#8221;4_4&#8243; _builder_version=&#8221;4.16&#8243; custom_padding=&#8221;|||&#8221; global_colors_info=&#8221;{}&#8221; custom_padding__hover=&#8221;|||&#8221;][et_pb_image src=&#8221;https:\/\/tyllingstrands.se\/wp-content\/uploads\/2015\/06\/huset.jpg&#8221; align_tablet=&#8221;center&#8221; align_phone=&#8221;center&#8221; align_last_edited=&#8221;on|desktop&#8221; _builder_version=&#8221;4.16&#8243; animation_style=&#8221;slide&#8221; animation_direction=&#8221;left&#8221; animation_duration=&#8221;500ms&#8221; animation_intensity_slide=&#8221;10%&#8221; use_border_color=&#8221;off&#8221; border_color=&#8221;#ffffff&#8221; border_style=&#8221;solid&#8221; animation=&#8221;left&#8221; sticky=&#8221;off&#8221; always_center_on_mobile=&#8221;on&#8221; global_colors_info=&#8221;{}&#8221;][\/et_pb_image][\/et_pb_column][\/et_pb_row][\/et_pb_section][et_pb_section fb_built=&#8221;1&#8243; fullwidth=&#8221;on&#8221; _builder_version=&#8221;4.16&#8243; global_colors_info=&#8221;{}&#8221;][et_pb_fullwidth_map google_api_key=&#8221;AIzaSyAeTDhZYy_GoCPpOzUbbjEn8ZO_U1BqKf4&#8243; address=&#8221;Skyfallsv\u00e4gen 14, 791 77 Falun, Sverige&#8221; zoom_level=&#8221;17&#8243; address_lat=&#8221;60.6131502&#8243; address_lng=&#8221;15.588448&#8243; admin_label=&#8221;Fullwidth Map&#8221; _builder_version=&#8221;4.24.2&#8243; global_colors_info=&#8221;{}&#8221;][et_pb_map_pin pin_address=&#8221;Skyfallsv\u00e4gen 14, 791 77 Falun, Sverige&#8221; pin_address_lat=&#8221;60.6131267&#8243; pin_address_lng=&#8221;15.588379499999974&#8243; _builder_version=&#8221;4.24.2&#8243; global_colors_info=&#8221;{}&#8221;][\/et_pb_map_pin][\/et_pb_fullwidth_map][\/et_pb_section]<\/p>\n","protected":false},"excerpt":{"rendered":"<p>KONTAKTA OSS Telefon: 023-138 20 info@tyllingstrands.se \u00d6ppettider:M\u00e5ndag-Fredag 08.00-17.00.Lunch mellan 12.00-13.00. Du hittar oss i v\u00e5rt eget, milj\u00f6anpassade hus p\u00e5 industriomr\u00e5det Ingarvet i Falun.Bes\u00f6ksadress:Skyfallsv\u00e4gen 14791 77\u00a0 FALUNVi finns \u00e4ven p\u00e5 sociala medier<\/p>\n","protected":false},"author":1,"featured_media":0,"parent":0,"menu_order":0,"comment_status":"open","ping_status":"open","template":"","meta":{"_et_pb_use_builder":"on","_et_pb_old_content":"","_et_gb_content_width":"","footnotes":""},"class_list":["post-93","page","type-page","status-publish","hentry"],"_links":{"self":[{"href":"https:\/\/tyllingstrands.se\/index.php\/wp-json\/wp\/v2\/pages\/93","targetHints":{"allow":["GET"]}}],"collection":[{"href":"https:\/\/tyllingstrands.se\/index.php\/wp-json\/wp\/v2\/pages"}],"about":[{"href":"https:\/\/tyllingstrands.se\/index.php\/wp-json\/wp\/v2\/types\/page"}],"author":[{"embeddable":true,"href":"https:\/\/tyllingstrands.se\/index.php\/wp-json\/wp\/v2\/users\/1"}],"replies":[{"embeddable":true,"href":"https:\/\/tyllingstrands.se\/index.php\/wp-json\/wp\/v2\/comments?post=93"}],"version-history":[{"count":33,"href":"https:\/\/tyllingstrands.se\/index.php\/wp-json\/wp\/v2\/pages\/93\/revisions"}],"predecessor-version":[{"id":1157,"href":"https:\/\/tyllingstrands.se\/index.php\/wp-json\/wp\/v2\/pages\/93\/revisions\/1157"}],"wp:attachment":[{"href":"https:\/\/tyllingstrands.se\/index.php\/wp-json\/wp\/v2\/media?parent=93"}],"curies":[{"name":"wp","href":"https:\/\/api.w.org\/{rel}","templated":true}]}}